{"id":16106,"date":"2018-10-18T15:27:00","date_gmt":"2018-10-18T15:27:00","guid":{"rendered":"http:\/\/varson.ee\/?page_id=16106"},"modified":"2026-01-05T07:07:14","modified_gmt":"2026-01-05T07:07:14","slug":"avaleht","status":"publish","type":"page","link":"https:\/\/www.varson.ee\/en\/","title":{"rendered":"Homepage"},"content":{"rendered":"<div class=\"wpb-content-wrapper\"><p>[vc_row top_padding=&#8221;60&#8243; bottom_padding=&#8221;40&#8243; bg_position=&#8221;left top&#8221;][vc_column column_center=&#8221;true&#8221; text_color=&#8221;light&#8221; width=&#8221;1\/4&#8243;]<div class=\"imagebox wpb_content_element style-1\"><div class=\"imagebox-img\"><a href='\/en\/chains\/'><img decoding=\"async\" src=\"https:\/\/www.varson.ee\/wp-content\/uploads\/2017\/09\/1-ketid.jpg\" alt=\"\" \/><\/a><\/div><a href=\"\/en\/chains\/\" target=\"_self\" class=\"button color-3 small \" style=\"border-radius: 2px;\">CHAINS<\/a><\/div>[\/vc_column][vc_column column_center=&#8221;true&#8221; text_color=&#8221;light&#8221; width=&#8221;1\/4&#8243;]<div class=\"imagebox wpb_content_element style-1\"><div class=\"imagebox-img\"><a href='\/en\/seals\/'><img decoding=\"async\" src=\"https:\/\/www.varson.ee\/wp-content\/uploads\/2017\/09\/2-tihendid.jpg\" alt=\"\" \/><\/a><\/div><a href=\"\/en\/seals\/\" target=\"_self\" class=\"button color-3 small \" style=\"border-radius: 2px;\">SEALS<\/a><\/div>[\/vc_column][vc_column column_center=&#8221;true&#8221; text_color=&#8221;light&#8221; width=&#8221;1\/4&#8243;]<div class=\"imagebox wpb_content_element style-1\"><div class=\"imagebox-img\"><a href='\/en\/gearboxes\/'><img decoding=\"async\" src=\"https:\/\/www.varson.ee\/wp-content\/uploads\/2017\/09\/3-reduktor.jpg\" alt=\"\" \/><\/a><\/div><a href=\"\/en\/gearboxes\/\" target=\"_self\" class=\"button color-3 small \" style=\"border-radius: 2px;\">GEARBOXES<\/a><\/div>[\/vc_column][vc_column column_center=&#8221;true&#8221; text_color=&#8221;light&#8221; width=&#8221;1\/4&#8243;]<div class=\"imagebox wpb_content_element style-1\"><div class=\"imagebox-img\"><a href='\/en\/electric-motors\/'><img decoding=\"async\" src=\"https:\/\/www.varson.ee\/wp-content\/uploads\/2017\/09\/4-elektrimootorid.jpg\" alt=\"\" \/><\/a><\/div><a href=\"\/en\/electric-motors\/\" target=\"_self\" class=\"button color-3 small \" style=\"border-radius: 2px;\">ELECTRIC MOTORS<\/a><\/div>[\/vc_column][\/vc_row][vc_row top_padding=&#8221;60&#8243; bottom_padding=&#8221;40&#8243; bg_position=&#8221;left top&#8221;][vc_column column_center=&#8221;true&#8221; text_color=&#8221;light&#8221; width=&#8221;1\/4&#8243;]<div class=\"imagebox wpb_content_element style-1\"><div class=\"imagebox-img\"><a href='\/en\/sprockets\/'><img decoding=\"async\" src=\"https:\/\/www.varson.ee\/wp-content\/uploads\/2017\/09\/5-ketirattad.jpg\" alt=\"\" \/><\/a><\/div><a href=\"\/en\/sprockets\/\" target=\"_self\" class=\"button color-3 small \" style=\"border-radius: 2px;\">SPROCKETS<\/a><\/div>[\/vc_column][vc_column column_center=&#8221;true&#8221; text_color=&#8221;light&#8221; width=&#8221;1\/4&#8243;]<div class=\"imagebox wpb_content_element style-1\"><div class=\"imagebox-img\"><a href='\/en\/couplings\/'><img decoding=\"async\" src=\"https:\/\/www.varson.ee\/wp-content\/uploads\/2017\/09\/6-sidurid.jpg\" alt=\"\" \/><\/a><\/div><a href=\"\/en\/couplings\/\" target=\"_self\" class=\"button color-3 small \" style=\"border-radius: 2px;\">COUPLINGS<\/a><\/div>[\/vc_column][vc_column column_center=&#8221;true&#8221; text_color=&#8221;light&#8221; width=&#8221;1\/4&#8243;]<div class=\"imagebox wpb_content_element style-1\"><div class=\"imagebox-img\"><a href='\/en\/bearings\/'><img decoding=\"async\" src=\"https:\/\/www.varson.ee\/wp-content\/uploads\/2017\/09\/7-laagrid.jpg\" alt=\"\" \/><\/a><\/div><a href=\"\/en\/bearings\/\" target=\"_self\" class=\"button color-3 small \" style=\"border-radius: 2px;\">BEARINGS<\/a><\/div>[\/vc_column][vc_column column_center=&#8221;true&#8221; text_color=&#8221;light&#8221; width=&#8221;1\/4&#8243;]<div class=\"imagebox wpb_content_element style-1\"><div class=\"imagebox-img\"><a href='\/en\/bushing\/'><img decoding=\"async\" src=\"https:\/\/www.varson.ee\/wp-content\/uploads\/2017\/09\/8-pronkspuksid.jpg\" alt=\"\" \/><\/a><\/div><a href=\"\/en\/bushing\/\" target=\"_self\" class=\"button color-3 small \" style=\"border-radius: 2px;\">BUSHING<\/a><\/div>[\/vc_column][\/vc_row][vc_row top_padding=&#8221;60&#8243; bottom_padding=&#8221;40&#8243; bg_position=&#8221;left top&#8221;][\/vc_row][vc_row top_padding=&#8221;60&#8243; bottom_padding=&#8221;40&#8243; bg_position=&#8221;left top&#8221;][vc_column column_center=&#8221;true&#8221; text_color=&#8221;light&#8221; width=&#8221;1\/4&#8243;]<div class=\"imagebox wpb_content_element style-1\"><div class=\"imagebox-img\"><a href='\/en\/pulleys\/'><img decoding=\"async\" src=\"https:\/\/www.varson.ee\/wp-content\/uploads\/2017\/09\/9-rihamarattad.jpg\" alt=\"\" \/><\/a><\/div><a href=\"\/en\/pulleys\/\" target=\"_self\" class=\"button color-3 small \" style=\"border-radius: 2px;\">PULLEYS<\/a><\/div>[\/vc_column][vc_column column_center=&#8221;true&#8221; text_color=&#8221;light&#8221; width=&#8221;1\/4&#8243;]<div class=\"imagebox wpb_content_element style-1\"><div class=\"imagebox-img\"><a href='\/en\/belts\/'><img decoding=\"async\" src=\"https:\/\/www.varson.ee\/wp-content\/uploads\/2017\/09\/10-rihmad.jpg\" alt=\"\" \/><\/a><\/div><a href=\"\/en\/belts\/\" target=\"_self\" class=\"button color-3 small \" style=\"border-radius: 2px;\">BELTS<\/a><\/div>[\/vc_column][vc_column column_center=&#8221;true&#8221; text_color=&#8221;light&#8221; width=&#8221;1\/4&#8243;]<div class=\"imagebox wpb_content_element style-1\"><div class=\"imagebox-img\"><a href='\/en\/springs\/'><img decoding=\"async\" src=\"https:\/\/www.varson.ee\/wp-content\/uploads\/2017\/09\/11-vedrud.jpg\" alt=\"\" \/><\/a><\/div><a href=\"\/en\/springs\/\" target=\"_self\" class=\"button color-3 small \" style=\"border-radius: 2px;\">SPRINGS<\/a><\/div>[\/vc_column][vc_column column_center=&#8221;true&#8221; text_color=&#8221;light&#8221; width=&#8221;1\/4&#8243;]<div class=\"spacer\" style=\"height: 10px;\"><\/div>[\/vc_column][\/vc_row][vc_row bg_color=&#8221;#efefef&#8221; section_arrow=&#8221;false&#8221; top_padding=&#8221;100&#8243; bottom_padding=&#8221;100&#8243; bg_position=&#8221;left top&#8221;][vc_column width=&#8221;1\/3&#8243;]<h2 class=\"headline font-special fontsize-m fontweight-700 lh-16 align-left transform-uppercase \" style=\"margin: 0;\">WHY US?<\/h2><div class=\"divider divider5\" style='margin:20px 0 0 0 !important;'><\/div>[\/vc_column][vc_column width=&#8221;1\/3&#8243;]<div class=\"iconbox  wpb_content_element iconbox-style-2 icon-color-greyscale color-dark clearfix\"><div class=\"iconbox-icon\"><i class=\"fa fa-clock-o boxicon\" style=\"\"><\/i><\/div><div class=\"iconbox-content\"><h3>Quick and relevant consultations<\/h3><p>If your equipment is not working as it should, call us and ask for advice! Our specialists will place their knowledge and experience at your disposal!<\/p><\/div><\/div><div class=\"spacer\" style=\"height: 10px;\"><\/div><div class=\"iconbox  wpb_content_element iconbox-style-2 icon-color-greyscale color-dark clearfix\"><div class=\"iconbox-icon\"><i class=\"fa fa-forward boxicon\" style=\"\"><\/i><\/div><div class=\"iconbox-content\"><h3>Quick service and round-the-clock response<\/h3><p>We are ready to listen to you and delivery the necessary parts even on public holidays or at night!<\/p><\/div><\/div>[\/vc_column][vc_column width=&#8221;1\/3&#8243;]<div class=\"iconbox  wpb_content_element iconbox-style-2 icon-color-greyscale color-dark clearfix\"><div class=\"iconbox-icon\"><i class=\"fa fa-check-square-o boxicon\" style=\"\"><\/i><\/div><div class=\"iconbox-content\"><h3>Your repair needs will find an optimal and professional solution<\/h3><p>If it happens that your equipment simply no longer works, call us and ask for advice! Our specialists will find the right part for your needs!<\/p><\/div><\/div><div class=\"spacer\" style=\"height: 10px;\"><\/div>[\/vc_column][vc_column]<div class=\"spacer\" style=\"height: 40px;\"><\/div><div class=\"minti_boxedholder   clearfix\" style=\"padding: 10px 10px 10px 10px; margin: 0px 0px 0px 0px; background-color: #ffffff; border-radius: 2; border-width: 1; border-color: #999999; \">[vc_column_text]\n<div class=\"youtube-embed ye-container\" itemprop=\"video\" itemscope itemtype=\"https:\/\/schema.org\/VideoObject\">\n\t<meta itemprop=\"url\" content=\"https:\/\/www.youtube.com\/v\/TmsHEM0gIwY\" \/>\n\t<meta itemprop=\"name\" content=\"Homepage\" \/>\n\t<meta itemprop=\"description\" content=\"Homepage\" \/>\n\t<meta itemprop=\"uploadDate\" content=\"2018-10-18T15:27:00+00:00\" \/>\n\t<meta itemprop=\"thumbnailUrl\" content=\"https:\/\/i.ytimg.com\/vi\/TmsHEM0gIwY\/default.jpg\" \/>\n\t<meta itemprop=\"embedUrl\" content=\"https:\/\/www.youtube.com\/embed\/TmsHEM0gIwY\" \/>\n\t<meta itemprop=\"height\" content=\"340\" \/>\n\t<meta itemprop=\"width\" content=\"560\" \/>\n\t<iframe loading=\"lazy\" style=\"border: 0;\" class=\"youtube-player\" width=\"560\" height=\"340\" src=\"https:\/\/www.youtube.com\/embed\/TmsHEM0gIwY?iv_load_policy=3&cc_load_policy=0&color=white\" allowfullscreen><\/iframe>\n<\/div>\n[\/vc_column_text]<\/div>[\/vc_column][\/vc_row][vc_row top_padding=&#8221;60&#8243; bottom_padding=&#8221;50&#8243;][vc_column width=&#8221;1\/4&#8243;]<h2 class=\"headline font-special fontsize-m fontweight-700 lh-16 align-left transform-uppercase \" style=\"margin: 0;\">Partners<\/h2><div class=\"divider divider5\" style='margin:20px 0 0 0 !important;'><\/div>[\/vc_column][vc_column width=&#8221;3\/4&#8243;]<div class=\"minti_carousel  grab-false dots\" data-columns=\"5\" data-tabletcolumns=\"5\" data-nav=\"true\" data-pagination=\"false\" data-autoplay=\"true\" data-animationtime=\"8000\">[vc_column_text]<span class=\"tooltips\"><a href=\"#\" title=\"SATI\" onclick=\"return false\"><img loading=\"lazy\" decoding=\"async\" class=\"alignnone size-full wp-image-12104\" src=\"\/wp-content\/uploads\/2017\/09\/saitl.png\" alt=\"logo1\" width=\"150\" height=\"82\" \/><\/a><\/span>[\/vc_column_text][vc_column_text]<span class=\"tooltips\"><a href=\"#\" title=\"SKS GROUP\" onclick=\"return false\"><img loading=\"lazy\" decoding=\"async\" class=\"alignnone size-full wp-image-12104\" src=\"\/wp-content\/uploads\/2017\/09\/sksl.png\" alt=\"logo1\" width=\"150\" height=\"50\" \/><\/a><\/span>[\/vc_column_text][vc_column_text]<span class=\"tooltips\"><a href=\"#\" title=\"TIIVISTEKESKUS?\" onclick=\"return false\"><img loading=\"lazy\" decoding=\"async\" class=\"alignnone size-full wp-image-12104\" src=\"\/wp-content\/uploads\/2017\/09\/tiivistekeskusl.png\" alt=\"logo1\" width=\"150\" height=\"34\" \/><\/a><\/span>[\/vc_column_text][vc_column_text]<span class=\"tooltips\"><a href=\"#\" title=\"IGUS\" onclick=\"return false\"><img loading=\"lazy\" decoding=\"async\" class=\"alignnone size-full wp-image-12104\" src=\"\/wp-content\/uploads\/2017\/09\/igusl.png\" alt=\"logo1\" width=\"150\" height=\"77\" \/><\/a><\/span>[\/vc_column_text][vc_column_text]<span class=\"tooltips\"><a href=\"#\" title=\"LOCTITE\" onclick=\"return false\"><img loading=\"lazy\" decoding=\"async\" class=\"alignnone size-full wp-image-12104\" src=\"\/wp-content\/uploads\/2017\/09\/loctite.png\" alt=\"logo1\" width=\"150\" height=\"31\" \/><\/a><\/span>[\/vc_column_text][vc_column_text]<span class=\"tooltips\"><a href=\"#\" title=\"VUORENMAA\" onclick=\"return false\"><img loading=\"lazy\" decoding=\"async\" class=\"alignnone size-full wp-image-12104\" src=\"\/wp-content\/uploads\/2017\/09\/vooremaal.png\" alt=\"logo1\" width=\"150\" height=\"80\" \/><\/a><\/span>[\/vc_column_text][vc_column_text]<span class=\"tooltips\"><a href=\"#\" title=\"SMC\" onclick=\"return false\"><img loading=\"lazy\" decoding=\"async\" class=\"alignnone size-full wp-image-12104\" src=\"\/wp-content\/uploads\/2017\/09\/smdl.png\" alt=\"logo1\" width=\"150\" height=\"58\" \/><\/a><\/span>[\/vc_column_text][vc_column_text]<span class=\"tooltips\"><a href=\"#\" title=\"SIMRIT\" onclick=\"return false\"><img loading=\"lazy\" decoding=\"async\" class=\"alignnone size-full wp-image-12104\" src=\"\/wp-content\/uploads\/2017\/09\/simritl.png\" alt=\"logo1\" width=\"150\" height=\"56\" \/><\/a><\/span>[\/vc_column_text][vc_column_text]<span class=\"tooltips\"><a href=\"#\" title=\"TEROSON\" onclick=\"return false\"><img loading=\"lazy\" decoding=\"async\" class=\"alignnone size-full wp-image-12104\" src=\"\/wp-content\/uploads\/2017\/09\/terosonl.png\" alt=\"logo1\" width=\"150\" height=\"23\" \/><\/a><\/span>[\/vc_column_text][vc_column_text]<span class=\"tooltips\"><a href=\"#\" title=\"REXNORD\" onclick=\"return false\"><img loading=\"lazy\" decoding=\"async\" class=\"alignnone size-full wp-image-12104\" src=\"\/wp-content\/uploads\/2017\/09\/rexnord.png\" alt=\"logo1\" width=\"150\" height=\"35\" \/><\/a><\/span>[\/vc_column_text][vc_column_text]<span class=\"tooltips\"><a href=\"#\" title=\"FLEXON ET AL\" onclick=\"return false\"><img loading=\"lazy\" decoding=\"async\" class=\"alignnone size-full wp-image-12104\" src=\"\/wp-content\/uploads\/2017\/09\/flexon.png\" alt=\"logo1\" width=\"150\" height=\"34\" \/><\/a><\/span>[\/vc_column_text][vc_column_text]<span class=\"tooltips\"><a href=\"#\" title=\"HABASIT\" onclick=\"return false\"><img loading=\"lazy\" decoding=\"async\" class=\"alignnone size-full wp-image-12104\" src=\"\/wp-content\/uploads\/2017\/09\/habasitl.png\" alt=\"logo1\" width=\"150\" height=\"74\" \/><\/a><\/span>[\/vc_column_text]<\/div>[\/vc_column][\/vc_row]<\/p>\n<\/div>","protected":false},"excerpt":{"rendered":"<p>[vc_row top_padding=&#8221;60&#8243; bottom_padding=&#8221;40&#8243; bg_position=&#8221;left top&#8221;][vc_column column_center=&#8221;true&#8221; text_color=&#8221;light&#8221; width=&#8221;1\/4&#8243;][\/vc_column][vc_column column_center=&#8221;true&#8221; text_color=&#8221;light&#8221; width=&#8221;1\/4&#8243;][\/vc_column][vc_column column_center=&#8221;true&#8221; text_color=&#8221;light&#8221; width=&#8221;1\/4&#8243;][\/vc_column][vc_column column_center=&#8221;true&#8221; text_color=&#8221;light&#8221; width=&#8221;1\/4&#8243;][\/vc_column][\/vc_row][vc_row top_padding=&#8221;60&#8243; bottom_padding=&#8221;40&#8243; bg_position=&#8221;left top&#8221;][vc_column column_center=&#8221;true&#8221; text_color=&#8221;light&#8221; width=&#8221;1\/4&#8243;][\/vc_column][vc_column column_center=&#8221;true&#8221; text_color=&#8221;light&#8221; width=&#8221;1\/4&#8243;][\/vc_column][vc_column column_center=&#8221;true&#8221; text_color=&#8221;light&#8221; width=&#8221;1\/4&#8243;][\/vc_column][vc_column column_center=&#8221;true&#8221; text_color=&#8221;light&#8221; width=&#8221;1\/4&#8243;][\/vc_column][\/vc_row][vc_row top_padding=&#8221;60&#8243; bottom_padding=&#8221;40&#8243; bg_position=&#8221;left top&#8221;][\/vc_row][vc_row top_padding=&#8221;60&#8243; bottom_padding=&#8221;40&#8243; bg_position=&#8221;left top&#8221;][vc_column column_center=&#8221;true&#8221; text_color=&#8221;light&#8221; width=&#8221;1\/4&#8243;][\/vc_column][vc_column column_center=&#8221;true&#8221; text_color=&#8221;light&#8221; width=&#8221;1\/4&#8243;][\/vc_column][vc_column column_center=&#8221;true&#8221; text_color=&#8221;light&#8221; width=&#8221;1\/4&#8243;][\/vc_column][vc_column column_center=&#8221;true&#8221; text_color=&#8221;light&#8221; width=&#8221;1\/4&#8243;][\/vc_column][\/vc_row][vc_row bg_color=&#8221;#efefef&#8221; section_arrow=&#8221;false&#8221; top_padding=&#8221;100&#8243; bottom_padding=&#8221;100&#8243; bg_position=&#8221;left top&#8221;][vc_column width=&#8221;1\/3&#8243;][\/vc_column][vc_column width=&#8221;1\/3&#8243;][\/vc_column][vc_column width=&#8221;1\/3&#8243;][\/vc_column][vc_column][\/vc_column][\/vc_row][vc_row top_padding=&#8221;60&#8243; bottom_padding=&#8221;50&#8243;][vc_column width=&#8221;1\/4&#8243;][\/vc_column][vc_column width=&#8221;3\/4&#8243;][\/vc_column][\/vc_row]<\/p>\n","protected":false},"author":1,"featured_media":0,"parent":0,"menu_order":0,"comment_status":"open","ping_status":"open","template":"","meta":{"_lmt_disableupdate":"no","_lmt_disable":"","footnotes":""},"class_list":["post-16106","page","type-page","status-publish","hentry"],"yoast_head":"<!-- This site is optimized with the Yoast SEO plugin v26.8 - https:\/\/yoast.com\/product\/yoast-seo-wordpress\/ -->\n<title>Homepage - Varson T\u00f6\u00f6stustarvikud<\/title>\n<meta name=\"robots\" content=\"index, follow, max-snippet:-1, max-image-preview:large, max-video-preview:-1\" \/>\n<link rel=\"canonical\" href=\"https:\/\/www.varson.ee\/en\/\" \/>\n<meta property=\"og:locale\" content=\"en_US\" \/>\n<meta property=\"og:type\" content=\"article\" \/>\n<meta property=\"og:title\" content=\"Homepage - Varson T\u00f6\u00f6stustarvikud\" \/>\n<meta property=\"og:description\" content=\"[vc_row top_padding=&#8221;60&#8243; bottom_padding=&#8221;40&#8243; bg_position=&#8221;left top&#8221;][vc_column column_center=&#8221;true&#8221; text_color=&#8221;light&#8221; width=&#8221;1\/4&#8243;][\/vc_column][vc_column column_center=&#8221;true&#8221; text_color=&#8221;light&#8221; width=&#8221;1\/4&#8243;][\/vc_column][vc_column column_center=&#8221;true&#8221; text_color=&#8221;light&#8221; width=&#8221;1\/4&#8243;][\/vc_column][vc_column column_center=&#8221;true&#8221; text_color=&#8221;light&#8221; width=&#8221;1\/4&#8243;][\/vc_column][\/vc_row][vc_row top_padding=&#8221;60&#8243; bottom_padding=&#8221;40&#8243; bg_position=&#8221;left top&#8221;][vc_column column_center=&#8221;true&#8221; text_color=&#8221;light&#8221; width=&#8221;1\/4&#8243;][\/vc_column][vc_column column_center=&#8221;true&#8221; text_color=&#8221;light&#8221; width=&#8221;1\/4&#8243;][\/vc_column][vc_column column_center=&#8221;true&#8221; text_color=&#8221;light&#8221; width=&#8221;1\/4&#8243;][\/vc_column][vc_column column_center=&#8221;true&#8221; text_color=&#8221;light&#8221; width=&#8221;1\/4&#8243;][\/vc_column][\/vc_row][vc_row top_padding=&#8221;60&#8243; bottom_padding=&#8221;40&#8243; bg_position=&#8221;left top&#8221;][\/vc_row][vc_row top_padding=&#8221;60&#8243; bottom_padding=&#8221;40&#8243; bg_position=&#8221;left top&#8221;][vc_column column_center=&#8221;true&#8221; text_color=&#8221;light&#8221; width=&#8221;1\/4&#8243;][\/vc_column][vc_column column_center=&#8221;true&#8221; text_color=&#8221;light&#8221; width=&#8221;1\/4&#8243;][\/vc_column][vc_column column_center=&#8221;true&#8221; text_color=&#8221;light&#8221; width=&#8221;1\/4&#8243;][\/vc_column][vc_column column_center=&#8221;true&#8221; text_color=&#8221;light&#8221; width=&#8221;1\/4&#8243;][\/vc_column][\/vc_row][vc_row bg_color=&#8221;#efefef&#8221; section_arrow=&#8221;false&#8221; top_padding=&#8221;100&#8243; bottom_padding=&#8221;100&#8243; bg_position=&#8221;left top&#8221;][vc_column width=&#8221;1\/3&#8243;][\/vc_column][vc_column width=&#8221;1\/3&#8243;][\/vc_column][vc_column width=&#8221;1\/3&#8243;][\/vc_column][vc_column][\/vc_column][\/vc_row][vc_row top_padding=&#8221;60&#8243; bottom_padding=&#8221;50&#8243;][vc_column width=&#8221;1\/4&#8243;][\/vc_column][vc_column width=&#8221;3\/4&#8243;][\/vc_column][\/vc_row]\" \/>\n<meta property=\"og:url\" content=\"https:\/\/www.varson.ee\/en\/\" \/>\n<meta property=\"og:site_name\" content=\"Varson T\u00f6\u00f6stustarvikud\" \/>\n<meta property=\"article:modified_time\" content=\"2026-01-05T07:07:14+00:00\" \/>\n<meta name=\"twitter:card\" content=\"summary_large_image\" \/>\n<meta name=\"twitter:label1\" content=\"Est. reading time\" \/>\n\t<meta name=\"twitter:data1\" content=\"7 minutes\" \/>\n<script type=\"application\/ld+json\" class=\"yoast-schema-graph\">{\"@context\":\"https:\/\/schema.org\",\"@graph\":[{\"@type\":\"WebPage\",\"@id\":\"https:\/\/www.varson.ee\/en\/\",\"url\":\"https:\/\/www.varson.ee\/en\/\",\"name\":\"Homepage - Varson T\u00f6\u00f6stustarvikud\",\"isPartOf\":{\"@id\":\"https:\/\/varson.ee\/#website\"},\"datePublished\":\"2018-10-18T15:27:00+00:00\",\"dateModified\":\"2026-01-05T07:07:14+00:00\",\"breadcrumb\":{\"@id\":\"https:\/\/www.varson.ee\/en\/#breadcrumb\"},\"inLanguage\":\"en-US\",\"potentialAction\":[{\"@type\":\"ReadAction\",\"target\":[\"https:\/\/www.varson.ee\/en\/\"]}]},{\"@type\":\"BreadcrumbList\",\"@id\":\"https:\/\/www.varson.ee\/en\/#breadcrumb\",\"itemListElement\":[{\"@type\":\"ListItem\",\"position\":1,\"name\":\"Home\",\"item\":\"https:\/\/www.varson.ee\/en\/\"},{\"@type\":\"ListItem\",\"position\":2,\"name\":\"Homepage\"}]},{\"@type\":\"WebSite\",\"@id\":\"https:\/\/varson.ee\/#website\",\"url\":\"https:\/\/varson.ee\/\",\"name\":\"Varson T\u00f6\u00f6stustarvikud\",\"description\":\"T\u00f6\u00f6stustarvikud\",\"potentialAction\":[{\"@type\":\"SearchAction\",\"target\":{\"@type\":\"EntryPoint\",\"urlTemplate\":\"https:\/\/varson.ee\/?s={search_term_string}\"},\"query-input\":{\"@type\":\"PropertyValueSpecification\",\"valueRequired\":true,\"valueName\":\"search_term_string\"}}],\"inLanguage\":\"en-US\"}]}<\/script>\n<!-- \/ Yoast SEO plugin. -->","yoast_head_json":{"title":"Homepage - Varson T\u00f6\u00f6stustarvikud","robots":{"index":"index","follow":"follow","max-snippet":"max-snippet:-1","max-image-preview":"max-image-preview:large","max-video-preview":"max-video-preview:-1"},"canonical":"https:\/\/www.varson.ee\/en\/","og_locale":"en_US","og_type":"article","og_title":"Homepage - Varson T\u00f6\u00f6stustarvikud","og_description":"[vc_row top_padding=&#8221;60&#8243; bottom_padding=&#8221;40&#8243; bg_position=&#8221;left top&#8221;][vc_column column_center=&#8221;true&#8221; text_color=&#8221;light&#8221; width=&#8221;1\/4&#8243;][\/vc_column][vc_column column_center=&#8221;true&#8221; text_color=&#8221;light&#8221; width=&#8221;1\/4&#8243;][\/vc_column][vc_column column_center=&#8221;true&#8221; text_color=&#8221;light&#8221; width=&#8221;1\/4&#8243;][\/vc_column][vc_column column_center=&#8221;true&#8221; text_color=&#8221;light&#8221; width=&#8221;1\/4&#8243;][\/vc_column][\/vc_row][vc_row top_padding=&#8221;60&#8243; bottom_padding=&#8221;40&#8243; bg_position=&#8221;left top&#8221;][vc_column column_center=&#8221;true&#8221; text_color=&#8221;light&#8221; width=&#8221;1\/4&#8243;][\/vc_column][vc_column column_center=&#8221;true&#8221; text_color=&#8221;light&#8221; width=&#8221;1\/4&#8243;][\/vc_column][vc_column column_center=&#8221;true&#8221; text_color=&#8221;light&#8221; width=&#8221;1\/4&#8243;][\/vc_column][vc_column column_center=&#8221;true&#8221; text_color=&#8221;light&#8221; width=&#8221;1\/4&#8243;][\/vc_column][\/vc_row][vc_row top_padding=&#8221;60&#8243; bottom_padding=&#8221;40&#8243; bg_position=&#8221;left top&#8221;][\/vc_row][vc_row top_padding=&#8221;60&#8243; bottom_padding=&#8221;40&#8243; bg_position=&#8221;left top&#8221;][vc_column column_center=&#8221;true&#8221; text_color=&#8221;light&#8221; width=&#8221;1\/4&#8243;][\/vc_column][vc_column column_center=&#8221;true&#8221; text_color=&#8221;light&#8221; width=&#8221;1\/4&#8243;][\/vc_column][vc_column column_center=&#8221;true&#8221; text_color=&#8221;light&#8221; width=&#8221;1\/4&#8243;][\/vc_column][vc_column column_center=&#8221;true&#8221; text_color=&#8221;light&#8221; width=&#8221;1\/4&#8243;][\/vc_column][\/vc_row][vc_row bg_color=&#8221;#efefef&#8221; section_arrow=&#8221;false&#8221; top_padding=&#8221;100&#8243; bottom_padding=&#8221;100&#8243; bg_position=&#8221;left top&#8221;][vc_column width=&#8221;1\/3&#8243;][\/vc_column][vc_column width=&#8221;1\/3&#8243;][\/vc_column][vc_column width=&#8221;1\/3&#8243;][\/vc_column][vc_column][\/vc_column][\/vc_row][vc_row top_padding=&#8221;60&#8243; bottom_padding=&#8221;50&#8243;][vc_column width=&#8221;1\/4&#8243;][\/vc_column][vc_column width=&#8221;3\/4&#8243;][\/vc_column][\/vc_row]","og_url":"https:\/\/www.varson.ee\/en\/","og_site_name":"Varson T\u00f6\u00f6stustarvikud","article_modified_time":"2026-01-05T07:07:14+00:00","twitter_card":"summary_large_image","twitter_misc":{"Est. reading time":"7 minutes"},"schema":{"@context":"https:\/\/schema.org","@graph":[{"@type":"WebPage","@id":"https:\/\/www.varson.ee\/en\/","url":"https:\/\/www.varson.ee\/en\/","name":"Homepage - Varson T\u00f6\u00f6stustarvikud","isPartOf":{"@id":"https:\/\/varson.ee\/#website"},"datePublished":"2018-10-18T15:27:00+00:00","dateModified":"2026-01-05T07:07:14+00:00","breadcrumb":{"@id":"https:\/\/www.varson.ee\/en\/#breadcrumb"},"inLanguage":"en-US","potentialAction":[{"@type":"ReadAction","target":["https:\/\/www.varson.ee\/en\/"]}]},{"@type":"BreadcrumbList","@id":"https:\/\/www.varson.ee\/en\/#breadcrumb","itemListElement":[{"@type":"ListItem","position":1,"name":"Home","item":"https:\/\/www.varson.ee\/en\/"},{"@type":"ListItem","position":2,"name":"Homepage"}]},{"@type":"WebSite","@id":"https:\/\/varson.ee\/#website","url":"https:\/\/varson.ee\/","name":"Varson T\u00f6\u00f6stustarvikud","description":"T\u00f6\u00f6stustarvikud","potentialAction":[{"@type":"SearchAction","target":{"@type":"EntryPoint","urlTemplate":"https:\/\/varson.ee\/?s={search_term_string}"},"query-input":{"@type":"PropertyValueSpecification","valueRequired":true,"valueName":"search_term_string"}}],"inLanguage":"en-US"}]}},"_links":{"self":[{"href":"https:\/\/www.varson.ee\/en\/wp-json\/wp\/v2\/pages\/16106","targetHints":{"allow":["GET"]}}],"collection":[{"href":"https:\/\/www.varson.ee\/en\/wp-json\/wp\/v2\/pages"}],"about":[{"href":"https:\/\/www.varson.ee\/en\/wp-json\/wp\/v2\/types\/page"}],"author":[{"embeddable":true,"href":"https:\/\/www.varson.ee\/en\/wp-json\/wp\/v2\/users\/1"}],"replies":[{"embeddable":true,"href":"https:\/\/www.varson.ee\/en\/wp-json\/wp\/v2\/comments?post=16106"}],"version-history":[{"count":5,"href":"https:\/\/www.varson.ee\/en\/wp-json\/wp\/v2\/pages\/16106\/revisions"}],"predecessor-version":[{"id":17641,"href":"https:\/\/www.varson.ee\/en\/wp-json\/wp\/v2\/pages\/16106\/revisions\/17641"}],"wp:attachment":[{"href":"https:\/\/www.varson.ee\/en\/wp-json\/wp\/v2\/media?parent=16106"}],"curies":[{"name":"wp","href":"https:\/\/api.w.org\/{rel}","templated":true}]}}