{"id":16266,"date":"2018-12-04T10:52:46","date_gmt":"2018-12-04T10:52:46","guid":{"rendered":"http:\/\/varson.ee\/?page_id=16266"},"modified":"2018-12-04T10:53:05","modified_gmt":"2018-12-04T10:53:05","slug":"about-us","status":"publish","type":"page","link":"https:\/\/varson.ee\/en\/about-us\/","title":{"rendered":"About Us"},"content":{"rendered":"<div class=\"video-embed  wpb_content_element\"><iframe loading=\"lazy\" title=\"Varson Industrial supplies\" width=\"1161\" height=\"653\" src=\"https:\/\/www.youtube.com\/embed\/TmsHEM0gIwY?feature=oembed\" frameborder=\"0\" allow=\"accelerometer; autoplay; clipboard-write; encrypted-media; gyroscope; picture-in-picture; web-share\" referrerpolicy=\"strict-origin-when-cross-origin\" allowfullscreen><\/iframe><\/div>\n","protected":false},"excerpt":{"rendered":"","protected":false},"author":1,"featured_media":0,"parent":0,"menu_order":0,"comment_status":"open","ping_status":"open","template":"","meta":{"_lmt_disableupdate":"","_lmt_disable":"","footnotes":""},"class_list":["post-16266","page","type-page","status-publish","hentry"],"yoast_head":"<!-- This site is optimized with the Yoast SEO plugin v26.8 - https:\/\/yoast.com\/product\/yoast-seo-wordpress\/ -->\n<title>About Us - Varson T\u00f6\u00f6stustarvikud<\/title>\n<meta name=\"robots\" content=\"index, follow, max-snippet:-1, max-image-preview:large, max-video-preview:-1\" \/>\n<link rel=\"canonical\" href=\"https:\/\/www.varson.ee\/en\/about-us\/\" \/>\n<meta property=\"og:locale\" content=\"en_US\" \/>\n<meta property=\"og:type\" content=\"article\" \/>\n<meta property=\"og:title\" content=\"About Us - Varson T\u00f6\u00f6stustarvikud\" \/>\n<meta property=\"og:url\" content=\"https:\/\/www.varson.ee\/en\/about-us\/\" \/>\n<meta property=\"og:site_name\" content=\"Varson T\u00f6\u00f6stustarvikud\" \/>\n<meta property=\"article:modified_time\" content=\"2018-12-04T10:53:05+00:00\" \/>\n<meta name=\"twitter:card\" content=\"summary_large_image\" \/>\n<script type=\"application\/ld+json\" class=\"yoast-schema-graph\">{\"@context\":\"https:\/\/schema.org\",\"@graph\":[{\"@type\":\"WebPage\",\"@id\":\"https:\/\/www.varson.ee\/en\/about-us\/\",\"url\":\"https:\/\/www.varson.ee\/en\/about-us\/\",\"name\":\"About Us - Varson T\u00f6\u00f6stustarvikud\",\"isPartOf\":{\"@id\":\"https:\/\/www.varson.ee\/#website\"},\"datePublished\":\"2018-12-04T10:52:46+00:00\",\"dateModified\":\"2018-12-04T10:53:05+00:00\",\"breadcrumb\":{\"@id\":\"https:\/\/www.varson.ee\/en\/about-us\/#breadcrumb\"},\"inLanguage\":\"en-US\",\"potentialAction\":[{\"@type\":\"ReadAction\",\"target\":[\"https:\/\/www.varson.ee\/en\/about-us\/\"]}]},{\"@type\":\"BreadcrumbList\",\"@id\":\"https:\/\/www.varson.ee\/en\/about-us\/#breadcrumb\",\"itemListElement\":[{\"@type\":\"ListItem\",\"position\":1,\"name\":\"Home\",\"item\":\"https:\/\/www.varson.ee\/en\/\"},{\"@type\":\"ListItem\",\"position\":2,\"name\":\"About Us\"}]},{\"@type\":\"WebSite\",\"@id\":\"https:\/\/www.varson.ee\/#website\",\"url\":\"https:\/\/www.varson.ee\/\",\"name\":\"Varson T\u00f6\u00f6stustarvikud\",\"description\":\"T\u00f6\u00f6stustarvikud\",\"potentialAction\":[{\"@type\":\"SearchAction\",\"target\":{\"@type\":\"EntryPoint\",\"urlTemplate\":\"https:\/\/www.varson.ee\/?s={search_term_string}\"},\"query-input\":{\"@type\":\"PropertyValueSpecification\",\"valueRequired\":true,\"valueName\":\"search_term_string\"}}],\"inLanguage\":\"en-US\"}]}<\/script>\n<!-- \/ Yoast SEO plugin. -->","yoast_head_json":{"title":"About Us - Varson T\u00f6\u00f6stustarvikud","robots":{"index":"index","follow":"follow","max-snippet":"max-snippet:-1","max-image-preview":"max-image-preview:large","max-video-preview":"max-video-preview:-1"},"canonical":"https:\/\/www.varson.ee\/en\/about-us\/","og_locale":"en_US","og_type":"article","og_title":"About Us - Varson T\u00f6\u00f6stustarvikud","og_url":"https:\/\/www.varson.ee\/en\/about-us\/","og_site_name":"Varson T\u00f6\u00f6stustarvikud","article_modified_time":"2018-12-04T10:53:05+00:00","twitter_card":"summary_large_image","schema":{"@context":"https:\/\/schema.org","@graph":[{"@type":"WebPage","@id":"https:\/\/www.varson.ee\/en\/about-us\/","url":"https:\/\/www.varson.ee\/en\/about-us\/","name":"About Us - Varson T\u00f6\u00f6stustarvikud","isPartOf":{"@id":"https:\/\/www.varson.ee\/#website"},"datePublished":"2018-12-04T10:52:46+00:00","dateModified":"2018-12-04T10:53:05+00:00","breadcrumb":{"@id":"https:\/\/www.varson.ee\/en\/about-us\/#breadcrumb"},"inLanguage":"en-US","potentialAction":[{"@type":"ReadAction","target":["https:\/\/www.varson.ee\/en\/about-us\/"]}]},{"@type":"BreadcrumbList","@id":"https:\/\/www.varson.ee\/en\/about-us\/#breadcrumb","itemListElement":[{"@type":"ListItem","position":1,"name":"Home","item":"https:\/\/www.varson.ee\/en\/"},{"@type":"ListItem","position":2,"name":"About Us"}]},{"@type":"WebSite","@id":"https:\/\/www.varson.ee\/#website","url":"https:\/\/www.varson.ee\/","name":"Varson T\u00f6\u00f6stustarvikud","description":"T\u00f6\u00f6stustarvikud","potentialAction":[{"@type":"SearchAction","target":{"@type":"EntryPoint","urlTemplate":"https:\/\/www.varson.ee\/?s={search_term_string}"},"query-input":{"@type":"PropertyValueSpecification","valueRequired":true,"valueName":"search_term_string"}}],"inLanguage":"en-US"}]}},"_links":{"self":[{"href":"https:\/\/varson.ee\/en\/wp-json\/wp\/v2\/pages\/16266","targetHints":{"allow":["GET"]}}],"collection":[{"href":"https:\/\/varson.ee\/en\/wp-json\/wp\/v2\/pages"}],"about":[{"href":"https:\/\/varson.ee\/en\/wp-json\/wp\/v2\/types\/page"}],"author":[{"embeddable":true,"href":"https:\/\/varson.ee\/en\/wp-json\/wp\/v2\/users\/1"}],"replies":[{"embeddable":true,"href":"https:\/\/varson.ee\/en\/wp-json\/wp\/v2\/comments?post=16266"}],"version-history":[{"count":2,"href":"https:\/\/varson.ee\/en\/wp-json\/wp\/v2\/pages\/16266\/revisions"}],"predecessor-version":[{"id":16268,"href":"https:\/\/varson.ee\/en\/wp-json\/wp\/v2\/pages\/16266\/revisions\/16268"}],"wp:attachment":[{"href":"https:\/\/varson.ee\/en\/wp-json\/wp\/v2\/media?parent=16266"}],"curies":[{"name":"wp","href":"https:\/\/api.w.org\/{rel}","templated":true}]}}