{"id":16157,"date":"2018-11-07T08:50:57","date_gmt":"2018-11-07T08:50:57","guid":{"rendered":"http:\/\/varson.ee\/%d1%80%d0%b5%d0%bc%d0%bd%d0%b8\/"},"modified":"2018-11-07T10:59:56","modified_gmt":"2018-11-07T10:59:56","slug":"%d1%80%d0%b5%d0%bc%d0%bd%d0%b8","status":"publish","type":"page","link":"https:\/\/varson.ee\/ru\/%d1%80%d0%b5%d0%bc%d0%bd%d0%b8\/","title":{"rendered":"\u0420\u0435\u043c\u043d\u0438"},"content":{"rendered":"<div class=\"wpb-content-wrapper\"><p>[vc_row top_padding=&#187;50&#8243; bottom_padding=&#187;60&#8243;][vc_column width=&#187;1\/2&#8243;][vc_column_text]<\/p>\n<ul>\n<li>\n<ul>\n<li>\u041a\u043b\u0438\u043d\u043e\u0432\u044b\u0435 \u0440\u0435\u043c\u043d\u0438\n<ul>\n<li>\u0410-\u043f\u0440\u043e\u0444\u0438\u043b\u044c<\/li>\n<li>\u0412-\u043f\u0440\u043e\u0444\u0438\u043b\u044c<\/li>\n<li>\u0421-\u043f\u0440\u043e\u0444\u0438\u043b\u044c<\/li>\n<li>Z-\u043f\u0440\u043e\u0444\u0438\u043b\u044c<\/li>\n<\/ul>\n<\/li>\n<li>\u0412\u0430\u0440\u0438\u0430\u0442\u043e\u0440\u043d\u044b\u0435 \u0440\u0435\u043c\u043d\u0438<\/li>\n<li>\u0417\u0443\u0431\u0447\u0430\u0442\u044b\u0435 \u0440\u0435\u043c\u043d\u0438\n<ul>\n<li>\u0414\u044e\u0439\u043c\u043e\u0432\u044b\u0435 \u0437\u0443\u0431\u0447\u0430\u0442\u044b\u0435 \u0440\u0435\u043c\u043d\u0438<\/li>\n<li>\u0417\u0443\u0431\u0447\u0430\u0442\u044b\u0435 \u0440\u0435\u043c\u043d\u0438 \u041c-\u043f\u0440\u043e\u0444\u0438\u043b\u044c<\/li>\n<li>\u0417\u0443\u0431\u0447\u0430\u0442\u044b\u0435 \u0440\u0435\u043c\u043d\u0438 \u0422-\u043f\u0440\u043e\u0444\u0438\u043b\u044c<\/li>\n<\/ul>\n<\/li>\n<li>\u041f\u0440\u0438\u0432\u043e\u0434\u043d\u044b\u0435 \u043a\u043b\u0438\u043d\u043e\u0432\u044b\u0435 \u0440\u0435\u043c\u043d\u0438<\/li>\n<li>\u0414\u0432\u0443\u0441\u0442\u043e\u0440\u043e\u043d\u043d\u0438\u0435 \u043a\u043b\u0438\u043d\u043e\u0432\u044b\u0435 \u0440\u0435\u043c\u043d\u0438<\/li>\n<\/ul>\n<p>\u041c\u044b \u043f\u0440\u0435\u0434\u043b\u0430\u0433\u0430\u0435\u043c \u043d\u0430\u0448\u0438\u043c \u043a\u043b\u0438\u0435\u043d\u0442\u0430\u043c \u0442\u0430\u043a\u0436\u0435\u00a0<strong>\u0440\u0435\u043c\u0435\u043d\u043d\u044b\u0435 \u0448\u043a\u0438\u0432\u044b<\/strong>, \u0434\u043b\u044f \u0442\u043e\u0433\u043e, \u0447\u0442\u043e\u0431\u044b \u043e\u0442\u043a\u0440\u044b\u0442\u044c \u043a\u0430\u0442\u0430\u043b\u043e\u0433 \u0440\u0435\u043c\u0435\u043d\u043d\u044b\u0445 \u0448\u043a\u0438\u0432\u043e\u0432, \u043d\u0430\u0436\u043c\u0438\u0442\u0435 \u043a\u043d\u043e\u043f\u043a\u0443 \u0432\u043d\u0438\u0437\u0443<\/li>\n<\/ul>\n<a href=\"http:\/\/varson.ee\/wp-content\/uploads\/2017\/11\/Rihmarattad.pdf\" target=\"_blank\" class=\"button button-appear color-3 full \" style=\"border-radius: 2px;\"><span>\u041a\u0410\u0422\u0410\u041b\u041e\u0413 \u0420\u0415\u041c\u0415\u041d\u041d\u042b\u0425 \u0428\u041a\u0418\u0412\u041e\u0412<i class='fa fa-file-pdf-o'><\/i><\/span><\/a>[\/vc_column_text][\/vc_column][vc_column width=&#187;1\/2&#8243;]<div class=\"flexslider wpb_content_element\"><ul class=\"slides\"><li><img decoding=\"async\" src=\"https:\/\/varson.ee\/wp-content\/uploads\/2017\/09\/10-rihmad.jpg\" alt=\"\" \/><\/li><\/ul><\/div>[\/vc_column][\/vc_row][vc_row type=&#187;full_width_section&#187;][vc_column width=&#187;1\/1&#8243;]<div class=\"callout clearfix\" style=\"background-color:#efefef; color:#777777;\">\n\t\t<div class=\"callout-text\">\u0421\u0432\u044f\u0436\u0438\u0442\u0435\u0441\u044c \u0441 \u043d\u0430\u043c\u0438 \u0438 \u0437\u0430\u0434\u0430\u0439\u0442\u0435 \u0441\u0432\u043e\u0439 \u0432\u043e\u043f\u0440\u043e\u0441.<\/div>\n\t\t\t<div class=\"callout-button\"><a class=\"button medium color-3\" href=\"\/ru\/\u043a\u043e\u043d\u0442\u0430\u043a\u0442\/\" target=\"_self\">\u041a\u041e\u041d\u0422\u0410\u041a\u0422<\/a><\/div>\n\t\t<\/div>[\/vc_column][\/vc_row]<\/p>\n<\/div>","protected":false},"excerpt":{"rendered":"<p>[vc_row top_padding=&#187;50&#8243; bottom_padding=&#187;60&#8243;][vc_column width=&#187;1\/2&#8243;][vc_column_text] \u041a\u043b\u0438\u043d\u043e\u0432\u044b\u0435 \u0440\u0435\u043c\u043d\u0438 \u0410-\u043f\u0440\u043e\u0444\u0438\u043b\u044c \u0412-\u043f\u0440\u043e\u0444\u0438\u043b\u044c \u0421-\u043f\u0440\u043e\u0444\u0438\u043b\u044c Z-\u043f\u0440\u043e\u0444\u0438\u043b\u044c \u0412\u0430\u0440\u0438\u0430\u0442\u043e\u0440\u043d\u044b\u0435 \u0440\u0435\u043c\u043d\u0438 \u0417\u0443\u0431\u0447\u0430\u0442\u044b\u0435 \u0440\u0435\u043c\u043d\u0438 \u0414\u044e\u0439\u043c\u043e\u0432\u044b\u0435 \u0437\u0443\u0431\u0447\u0430\u0442\u044b\u0435 \u0440\u0435\u043c\u043d\u0438 \u0417\u0443\u0431\u0447\u0430\u0442\u044b\u0435 \u0440\u0435\u043c\u043d\u0438 \u041c-\u043f\u0440\u043e\u0444\u0438\u043b\u044c \u0417\u0443\u0431\u0447\u0430\u0442\u044b\u0435 \u0440\u0435\u043c\u043d\u0438 \u0422-\u043f\u0440\u043e\u0444\u0438\u043b\u044c \u041f\u0440\u0438\u0432\u043e\u0434\u043d\u044b\u0435 \u043a\u043b\u0438\u043d\u043e\u0432\u044b\u0435 \u0440\u0435\u043c\u043d\u0438 \u0414\u0432\u0443\u0441\u0442\u043e\u0440\u043e\u043d\u043d\u0438\u0435 \u043a\u043b\u0438\u043d\u043e\u0432\u044b\u0435 \u0440\u0435\u043c\u043d\u0438 \u041c\u044b \u043f\u0440\u0435\u0434\u043b\u0430\u0433\u0430\u0435\u043c \u043d\u0430\u0448\u0438\u043c \u043a\u043b\u0438\u0435\u043d\u0442\u0430\u043c \u0442\u0430\u043a\u0436\u0435\u00a0\u0440\u0435\u043c\u0435\u043d\u043d\u044b\u0435 \u0448\u043a\u0438\u0432\u044b, \u0434\u043b\u044f \u0442\u043e\u0433\u043e, \u0447\u0442\u043e\u0431\u044b \u043e\u0442\u043a\u0440\u044b\u0442\u044c \u043a\u0430\u0442\u0430\u043b\u043e\u0433 \u0440\u0435\u043c\u0435\u043d\u043d\u044b\u0445 \u0448\u043a\u0438\u0432\u043e\u0432, \u043d\u0430\u0436\u043c\u0438\u0442\u0435 \u043a\u043d\u043e\u043f\u043a\u0443 \u0432\u043d\u0438\u0437\u0443 [\/vc_column_text][\/vc_column][vc_column width=&#187;1\/2&#8243;][\/vc_column][\/vc_row][vc_row type=&#187;full_width_section&#187;][vc_column width=&#187;1\/1&#8243;][\/vc_column][\/vc_row]<\/p>\n","protected":false},"author":1,"featured_media":0,"parent":0,"menu_order":0,"comment_status":"closed","ping_status":"closed","template":"","meta":{"_lmt_disableupdate":"","_lmt_disable":"","footnotes":""},"class_list":["post-16157","page","type-page","status-publish","hentry"],"yoast_head":"<!-- This site is optimized with the Yoast SEO plugin v26.8 - https:\/\/yoast.com\/product\/yoast-seo-wordpress\/ -->\n<title>\u0420\u0435\u043c\u043d\u0438 - Varson T\u00f6\u00f6stustarvikud<\/title>\n<meta name=\"robots\" content=\"index, follow, max-snippet:-1, max-image-preview:large, max-video-preview:-1\" \/>\n<link rel=\"canonical\" href=\"https:\/\/www.varson.ee\/ru\/\u0440\u0435\u043c\u043d\u0438\/\" \/>\n<meta property=\"og:locale\" content=\"ru_RU\" \/>\n<meta property=\"og:type\" content=\"article\" \/>\n<meta property=\"og:title\" content=\"\u0420\u0435\u043c\u043d\u0438 - Varson T\u00f6\u00f6stustarvikud\" \/>\n<meta property=\"og:description\" content=\"[vc_row top_padding=&#187;50&#8243; bottom_padding=&#187;60&#8243;][vc_column width=&#187;1\/2&#8243;][vc_column_text] \u041a\u043b\u0438\u043d\u043e\u0432\u044b\u0435 \u0440\u0435\u043c\u043d\u0438 \u0410-\u043f\u0440\u043e\u0444\u0438\u043b\u044c \u0412-\u043f\u0440\u043e\u0444\u0438\u043b\u044c \u0421-\u043f\u0440\u043e\u0444\u0438\u043b\u044c Z-\u043f\u0440\u043e\u0444\u0438\u043b\u044c \u0412\u0430\u0440\u0438\u0430\u0442\u043e\u0440\u043d\u044b\u0435 \u0440\u0435\u043c\u043d\u0438 \u0417\u0443\u0431\u0447\u0430\u0442\u044b\u0435 \u0440\u0435\u043c\u043d\u0438 \u0414\u044e\u0439\u043c\u043e\u0432\u044b\u0435 \u0437\u0443\u0431\u0447\u0430\u0442\u044b\u0435 \u0440\u0435\u043c\u043d\u0438 \u0417\u0443\u0431\u0447\u0430\u0442\u044b\u0435 \u0440\u0435\u043c\u043d\u0438 \u041c-\u043f\u0440\u043e\u0444\u0438\u043b\u044c \u0417\u0443\u0431\u0447\u0430\u0442\u044b\u0435 \u0440\u0435\u043c\u043d\u0438 \u0422-\u043f\u0440\u043e\u0444\u0438\u043b\u044c \u041f\u0440\u0438\u0432\u043e\u0434\u043d\u044b\u0435 \u043a\u043b\u0438\u043d\u043e\u0432\u044b\u0435 \u0440\u0435\u043c\u043d\u0438 \u0414\u0432\u0443\u0441\u0442\u043e\u0440\u043e\u043d\u043d\u0438\u0435 \u043a\u043b\u0438\u043d\u043e\u0432\u044b\u0435 \u0440\u0435\u043c\u043d\u0438 \u041c\u044b \u043f\u0440\u0435\u0434\u043b\u0430\u0433\u0430\u0435\u043c \u043d\u0430\u0448\u0438\u043c \u043a\u043b\u0438\u0435\u043d\u0442\u0430\u043c \u0442\u0430\u043a\u0436\u0435\u00a0\u0440\u0435\u043c\u0435\u043d\u043d\u044b\u0435 \u0448\u043a\u0438\u0432\u044b, \u0434\u043b\u044f \u0442\u043e\u0433\u043e, \u0447\u0442\u043e\u0431\u044b \u043e\u0442\u043a\u0440\u044b\u0442\u044c \u043a\u0430\u0442\u0430\u043b\u043e\u0433 \u0440\u0435\u043c\u0435\u043d\u043d\u044b\u0445 \u0448\u043a\u0438\u0432\u043e\u0432, \u043d\u0430\u0436\u043c\u0438\u0442\u0435 \u043a\u043d\u043e\u043f\u043a\u0443 \u0432\u043d\u0438\u0437\u0443 [\/vc_column_text][\/vc_column][vc_column width=&#187;1\/2&#8243;][\/vc_column][\/vc_row][vc_row type=&#187;full_width_section&#187;][vc_column width=&#187;1\/1&#8243;][\/vc_column][\/vc_row]\" \/>\n<meta property=\"og:url\" content=\"https:\/\/www.varson.ee\/ru\/\u0440\u0435\u043c\u043d\u0438\/\" \/>\n<meta property=\"og:site_name\" content=\"Varson T\u00f6\u00f6stustarvikud\" \/>\n<meta property=\"article:modified_time\" content=\"2018-11-07T10:59:56+00:00\" \/>\n<meta name=\"twitter:card\" content=\"summary_large_image\" \/>\n<script type=\"application\/ld+json\" class=\"yoast-schema-graph\">{\"@context\":\"https:\/\/schema.org\",\"@graph\":[{\"@type\":\"WebPage\",\"@id\":\"https:\/\/www.varson.ee\/ru\/%d1%80%d0%b5%d0%bc%d0%bd%d0%b8\/\",\"url\":\"https:\/\/www.varson.ee\/ru\/%d1%80%d0%b5%d0%bc%d0%bd%d0%b8\/\",\"name\":\"\u0420\u0435\u043c\u043d\u0438 - Varson T\u00f6\u00f6stustarvikud\",\"isPartOf\":{\"@id\":\"https:\/\/www.varson.ee\/#website\"},\"datePublished\":\"2018-11-07T08:50:57+00:00\",\"dateModified\":\"2018-11-07T10:59:56+00:00\",\"breadcrumb\":{\"@id\":\"https:\/\/www.varson.ee\/ru\/%d1%80%d0%b5%d0%bc%d0%bd%d0%b8\/#breadcrumb\"},\"inLanguage\":\"ru-RU\",\"potentialAction\":[{\"@type\":\"ReadAction\",\"target\":[\"https:\/\/www.varson.ee\/ru\/%d1%80%d0%b5%d0%bc%d0%bd%d0%b8\/\"]}]},{\"@type\":\"BreadcrumbList\",\"@id\":\"https:\/\/www.varson.ee\/ru\/%d1%80%d0%b5%d0%bc%d0%bd%d0%b8\/#breadcrumb\",\"itemListElement\":[{\"@type\":\"ListItem\",\"position\":1,\"name\":\"Home\",\"item\":\"https:\/\/www.varson.ee\/ru\/\"},{\"@type\":\"ListItem\",\"position\":2,\"name\":\"\u0420\u0435\u043c\u043d\u0438\"}]},{\"@type\":\"WebSite\",\"@id\":\"https:\/\/www.varson.ee\/#website\",\"url\":\"https:\/\/www.varson.ee\/\",\"name\":\"Varson T\u00f6\u00f6stustarvikud\",\"description\":\"T\u00f6\u00f6stustarvikud\",\"potentialAction\":[{\"@type\":\"SearchAction\",\"target\":{\"@type\":\"EntryPoint\",\"urlTemplate\":\"https:\/\/www.varson.ee\/?s={search_term_string}\"},\"query-input\":{\"@type\":\"PropertyValueSpecification\",\"valueRequired\":true,\"valueName\":\"search_term_string\"}}],\"inLanguage\":\"ru-RU\"}]}<\/script>\n<!-- \/ Yoast SEO plugin. -->","yoast_head_json":{"title":"\u0420\u0435\u043c\u043d\u0438 - Varson T\u00f6\u00f6stustarvikud","robots":{"index":"index","follow":"follow","max-snippet":"max-snippet:-1","max-image-preview":"max-image-preview:large","max-video-preview":"max-video-preview:-1"},"canonical":"https:\/\/www.varson.ee\/ru\/\u0440\u0435\u043c\u043d\u0438\/","og_locale":"ru_RU","og_type":"article","og_title":"\u0420\u0435\u043c\u043d\u0438 - Varson T\u00f6\u00f6stustarvikud","og_description":"[vc_row top_padding=&#187;50&#8243; bottom_padding=&#187;60&#8243;][vc_column width=&#187;1\/2&#8243;][vc_column_text] \u041a\u043b\u0438\u043d\u043e\u0432\u044b\u0435 \u0440\u0435\u043c\u043d\u0438 \u0410-\u043f\u0440\u043e\u0444\u0438\u043b\u044c \u0412-\u043f\u0440\u043e\u0444\u0438\u043b\u044c \u0421-\u043f\u0440\u043e\u0444\u0438\u043b\u044c Z-\u043f\u0440\u043e\u0444\u0438\u043b\u044c \u0412\u0430\u0440\u0438\u0430\u0442\u043e\u0440\u043d\u044b\u0435 \u0440\u0435\u043c\u043d\u0438 \u0417\u0443\u0431\u0447\u0430\u0442\u044b\u0435 \u0440\u0435\u043c\u043d\u0438 \u0414\u044e\u0439\u043c\u043e\u0432\u044b\u0435 \u0437\u0443\u0431\u0447\u0430\u0442\u044b\u0435 \u0440\u0435\u043c\u043d\u0438 \u0417\u0443\u0431\u0447\u0430\u0442\u044b\u0435 \u0440\u0435\u043c\u043d\u0438 \u041c-\u043f\u0440\u043e\u0444\u0438\u043b\u044c \u0417\u0443\u0431\u0447\u0430\u0442\u044b\u0435 \u0440\u0435\u043c\u043d\u0438 \u0422-\u043f\u0440\u043e\u0444\u0438\u043b\u044c \u041f\u0440\u0438\u0432\u043e\u0434\u043d\u044b\u0435 \u043a\u043b\u0438\u043d\u043e\u0432\u044b\u0435 \u0440\u0435\u043c\u043d\u0438 \u0414\u0432\u0443\u0441\u0442\u043e\u0440\u043e\u043d\u043d\u0438\u0435 \u043a\u043b\u0438\u043d\u043e\u0432\u044b\u0435 \u0440\u0435\u043c\u043d\u0438 \u041c\u044b \u043f\u0440\u0435\u0434\u043b\u0430\u0433\u0430\u0435\u043c \u043d\u0430\u0448\u0438\u043c \u043a\u043b\u0438\u0435\u043d\u0442\u0430\u043c \u0442\u0430\u043a\u0436\u0435\u00a0\u0440\u0435\u043c\u0435\u043d\u043d\u044b\u0435 \u0448\u043a\u0438\u0432\u044b, \u0434\u043b\u044f \u0442\u043e\u0433\u043e, \u0447\u0442\u043e\u0431\u044b \u043e\u0442\u043a\u0440\u044b\u0442\u044c \u043a\u0430\u0442\u0430\u043b\u043e\u0433 \u0440\u0435\u043c\u0435\u043d\u043d\u044b\u0445 \u0448\u043a\u0438\u0432\u043e\u0432, \u043d\u0430\u0436\u043c\u0438\u0442\u0435 \u043a\u043d\u043e\u043f\u043a\u0443 \u0432\u043d\u0438\u0437\u0443 [\/vc_column_text][\/vc_column][vc_column width=&#187;1\/2&#8243;][\/vc_column][\/vc_row][vc_row type=&#187;full_width_section&#187;][vc_column width=&#187;1\/1&#8243;][\/vc_column][\/vc_row]","og_url":"https:\/\/www.varson.ee\/ru\/\u0440\u0435\u043c\u043d\u0438\/","og_site_name":"Varson T\u00f6\u00f6stustarvikud","article_modified_time":"2018-11-07T10:59:56+00:00","twitter_card":"summary_large_image","schema":{"@context":"https:\/\/schema.org","@graph":[{"@type":"WebPage","@id":"https:\/\/www.varson.ee\/ru\/%d1%80%d0%b5%d0%bc%d0%bd%d0%b8\/","url":"https:\/\/www.varson.ee\/ru\/%d1%80%d0%b5%d0%bc%d0%bd%d0%b8\/","name":"\u0420\u0435\u043c\u043d\u0438 - Varson T\u00f6\u00f6stustarvikud","isPartOf":{"@id":"https:\/\/www.varson.ee\/#website"},"datePublished":"2018-11-07T08:50:57+00:00","dateModified":"2018-11-07T10:59:56+00:00","breadcrumb":{"@id":"https:\/\/www.varson.ee\/ru\/%d1%80%d0%b5%d0%bc%d0%bd%d0%b8\/#breadcrumb"},"inLanguage":"ru-RU","potentialAction":[{"@type":"ReadAction","target":["https:\/\/www.varson.ee\/ru\/%d1%80%d0%b5%d0%bc%d0%bd%d0%b8\/"]}]},{"@type":"BreadcrumbList","@id":"https:\/\/www.varson.ee\/ru\/%d1%80%d0%b5%d0%bc%d0%bd%d0%b8\/#breadcrumb","itemListElement":[{"@type":"ListItem","position":1,"name":"Home","item":"https:\/\/www.varson.ee\/ru\/"},{"@type":"ListItem","position":2,"name":"\u0420\u0435\u043c\u043d\u0438"}]},{"@type":"WebSite","@id":"https:\/\/www.varson.ee\/#website","url":"https:\/\/www.varson.ee\/","name":"Varson T\u00f6\u00f6stustarvikud","description":"T\u00f6\u00f6stustarvikud","potentialAction":[{"@type":"SearchAction","target":{"@type":"EntryPoint","urlTemplate":"https:\/\/www.varson.ee\/?s={search_term_string}"},"query-input":{"@type":"PropertyValueSpecification","valueRequired":true,"valueName":"search_term_string"}}],"inLanguage":"ru-RU"}]}},"_links":{"self":[{"href":"https:\/\/varson.ee\/ru\/wp-json\/wp\/v2\/pages\/16157","targetHints":{"allow":["GET"]}}],"collection":[{"href":"https:\/\/varson.ee\/ru\/wp-json\/wp\/v2\/pages"}],"about":[{"href":"https:\/\/varson.ee\/ru\/wp-json\/wp\/v2\/types\/page"}],"author":[{"embeddable":true,"href":"https:\/\/varson.ee\/ru\/wp-json\/wp\/v2\/users\/1"}],"replies":[{"embeddable":true,"href":"https:\/\/varson.ee\/ru\/wp-json\/wp\/v2\/comments?post=16157"}],"version-history":[{"count":2,"href":"https:\/\/varson.ee\/ru\/wp-json\/wp\/v2\/pages\/16157\/revisions"}],"predecessor-version":[{"id":16226,"href":"https:\/\/varson.ee\/ru\/wp-json\/wp\/v2\/pages\/16157\/revisions\/16226"}],"wp:attachment":[{"href":"https:\/\/varson.ee\/ru\/wp-json\/wp\/v2\/media?parent=16157"}],"curies":[{"name":"wp","href":"https:\/\/api.w.org\/{rel}","templated":true}]}}