{"id":16177,"date":"2018-11-07T09:48:49","date_gmt":"2018-11-07T09:48:49","guid":{"rendered":"http:\/\/varson.ee\/%d1%83%d0%bf%d0%bb%d0%be%d1%82%d0%bd%d0%b8%d1%82%d0%b5%d0%bb%d0%b8\/"},"modified":"2018-11-07T11:00:04","modified_gmt":"2018-11-07T11:00:04","slug":"%d1%83%d0%bf%d0%bb%d0%be%d1%82%d0%bd%d0%b8%d1%82%d0%b5%d0%bb%d0%b8","status":"publish","type":"page","link":"https:\/\/varson.ee\/ru\/%d1%83%d0%bf%d0%bb%d0%be%d1%82%d0%bd%d0%b8%d1%82%d0%b5%d0%bb%d0%b8\/","title":{"rendered":"\u0423\u043f\u043b\u043e\u0442\u043d\u0438\u0442\u0435\u043b\u0438"},"content":{"rendered":"<div class=\"wpb-content-wrapper\"><p>[vc_row top_padding=&#187;50&#8243; bottom_padding=&#187;60&#8243;][vc_column width=&#187;1\/2&#8243;][vc_column_text]<\/p>\n<ul>\n<li>\u0423\u043f\u043b\u043e\u0442\u043d\u0438\u0442\u0435\u043b\u0438 \u0438<strong>\u043c\u0430\u043d\u0436\u0435\u0442\u043d\u044b\u0435 \u0443\u043f\u043b\u043e\u0442\u043d\u0438\u0442\u0435\u043b\u0438<\/strong>\u00a0(\u0441\u0430\u043b\u044c\u043d\u0438\u043a\u0438)<\/li>\n<\/ul>\n<p>[\/vc_column_text][\/vc_column][vc_column width=&#187;1\/2&#8243;]<div class=\"flexslider wpb_content_element\"><ul class=\"slides\"><li><img decoding=\"async\" src=\"https:\/\/www.varson.ee\/wp-content\/uploads\/2017\/09\/tihendid-31.jpg\" alt=\"\" \/><\/li><li><img decoding=\"async\" src=\"https:\/\/www.varson.ee\/wp-content\/uploads\/2017\/09\/2-tihendid.jpg\" alt=\"\" \/><\/li><\/ul><\/div>[\/vc_column][\/vc_row][vc_row type=&#187;full_width_section&#187;][vc_column width=&#187;1\/1&#8243;]<div class=\"callout clearfix\" style=\"background-color:#efefef; color:#777777;\">\n\t\t<div class=\"callout-text\">\u0421\u0432\u044f\u0436\u0438\u0442\u0435\u0441\u044c \u0441 \u043d\u0430\u043c\u0438 \u0438 \u0437\u0430\u0434\u0430\u0439\u0442\u0435 \u0441\u0432\u043e\u0439 \u0432\u043e\u043f\u0440\u043e\u0441.<\/div>\n\t\t\t<div class=\"callout-button\"><a class=\"button medium color-3\" href=\"\/ru\/\u043a\u043e\u043d\u0442\u0430\u043a\u0442\/\" target=\"_self\">\u041a\u041e\u041d\u0422\u0410\u041a\u0422<\/a><\/div>\n\t\t<\/div>[\/vc_column][\/vc_row]<\/p>\n<\/div>","protected":false},"excerpt":{"rendered":"<p>[vc_row top_padding=&#187;50&#8243; bottom_padding=&#187;60&#8243;][vc_column width=&#187;1\/2&#8243;][vc_column_text] \u0423\u043f\u043b\u043e\u0442\u043d\u0438\u0442\u0435\u043b\u0438 \u0438\u043c\u0430\u043d\u0436\u0435\u0442\u043d\u044b\u0435 \u0443\u043f\u043b\u043e\u0442\u043d\u0438\u0442\u0435\u043b\u0438\u00a0(\u0441\u0430\u043b\u044c\u043d\u0438\u043a\u0438) [\/vc_column_text][\/vc_column][vc_column width=&#187;1\/2&#8243;][\/vc_column][\/vc_row][vc_row type=&#187;full_width_section&#187;][vc_column width=&#187;1\/1&#8243;][\/vc_column][\/vc_row]<\/p>\n","protected":false},"author":1,"featured_media":0,"parent":0,"menu_order":0,"comment_status":"closed","ping_status":"closed","template":"","meta":{"_lmt_disableupdate":"","_lmt_disable":"","footnotes":""},"class_list":["post-16177","page","type-page","status-publish","hentry"],"yoast_head":"<!-- This site is optimized with the Yoast SEO plugin v26.8 - https:\/\/yoast.com\/product\/yoast-seo-wordpress\/ -->\n<title>\u0423\u043f\u043b\u043e\u0442\u043d\u0438\u0442\u0435\u043b\u0438 - Varson T\u00f6\u00f6stustarvikud<\/title>\n<meta name=\"robots\" content=\"index, follow, max-snippet:-1, max-image-preview:large, max-video-preview:-1\" \/>\n<link rel=\"canonical\" href=\"https:\/\/varson.ee\/ru\/\u0443\u043f\u043b\u043e\u0442\u043d\u0438\u0442\u0435\u043b\u0438\/\" \/>\n<meta property=\"og:locale\" content=\"ru_RU\" \/>\n<meta property=\"og:type\" content=\"article\" \/>\n<meta property=\"og:title\" content=\"\u0423\u043f\u043b\u043e\u0442\u043d\u0438\u0442\u0435\u043b\u0438 - Varson T\u00f6\u00f6stustarvikud\" \/>\n<meta property=\"og:description\" content=\"[vc_row top_padding=&#187;50&#8243; bottom_padding=&#187;60&#8243;][vc_column width=&#187;1\/2&#8243;][vc_column_text] \u0423\u043f\u043b\u043e\u0442\u043d\u0438\u0442\u0435\u043b\u0438 \u0438\u043c\u0430\u043d\u0436\u0435\u0442\u043d\u044b\u0435 \u0443\u043f\u043b\u043e\u0442\u043d\u0438\u0442\u0435\u043b\u0438\u00a0(\u0441\u0430\u043b\u044c\u043d\u0438\u043a\u0438) [\/vc_column_text][\/vc_column][vc_column width=&#187;1\/2&#8243;][\/vc_column][\/vc_row][vc_row type=&#187;full_width_section&#187;][vc_column width=&#187;1\/1&#8243;][\/vc_column][\/vc_row]\" \/>\n<meta property=\"og:url\" content=\"https:\/\/varson.ee\/ru\/\u0443\u043f\u043b\u043e\u0442\u043d\u0438\u0442\u0435\u043b\u0438\/\" \/>\n<meta property=\"og:site_name\" content=\"Varson T\u00f6\u00f6stustarvikud\" \/>\n<meta property=\"article:modified_time\" content=\"2018-11-07T11:00:04+00:00\" \/>\n<meta name=\"twitter:card\" content=\"summary_large_image\" \/>\n<script type=\"application\/ld+json\" class=\"yoast-schema-graph\">{\"@context\":\"https:\/\/schema.org\",\"@graph\":[{\"@type\":\"WebPage\",\"@id\":\"https:\/\/varson.ee\/ru\/%d1%83%d0%bf%d0%bb%d0%be%d1%82%d0%bd%d0%b8%d1%82%d0%b5%d0%bb%d0%b8\/\",\"url\":\"https:\/\/varson.ee\/ru\/%d1%83%d0%bf%d0%bb%d0%be%d1%82%d0%bd%d0%b8%d1%82%d0%b5%d0%bb%d0%b8\/\",\"name\":\"\u0423\u043f\u043b\u043e\u0442\u043d\u0438\u0442\u0435\u043b\u0438 - Varson T\u00f6\u00f6stustarvikud\",\"isPartOf\":{\"@id\":\"https:\/\/www.varson.ee\/#website\"},\"datePublished\":\"2018-11-07T09:48:49+00:00\",\"dateModified\":\"2018-11-07T11:00:04+00:00\",\"breadcrumb\":{\"@id\":\"https:\/\/varson.ee\/ru\/%d1%83%d0%bf%d0%bb%d0%be%d1%82%d0%bd%d0%b8%d1%82%d0%b5%d0%bb%d0%b8\/#breadcrumb\"},\"inLanguage\":\"ru-RU\",\"potentialAction\":[{\"@type\":\"ReadAction\",\"target\":[\"https:\/\/varson.ee\/ru\/%d1%83%d0%bf%d0%bb%d0%be%d1%82%d0%bd%d0%b8%d1%82%d0%b5%d0%bb%d0%b8\/\"]}]},{\"@type\":\"BreadcrumbList\",\"@id\":\"https:\/\/varson.ee\/ru\/%d1%83%d0%bf%d0%bb%d0%be%d1%82%d0%bd%d0%b8%d1%82%d0%b5%d0%bb%d0%b8\/#breadcrumb\",\"itemListElement\":[{\"@type\":\"ListItem\",\"position\":1,\"name\":\"Home\",\"item\":\"https:\/\/www.varson.ee\/ru\/\"},{\"@type\":\"ListItem\",\"position\":2,\"name\":\"\u0423\u043f\u043b\u043e\u0442\u043d\u0438\u0442\u0435\u043b\u0438\"}]},{\"@type\":\"WebSite\",\"@id\":\"https:\/\/www.varson.ee\/#website\",\"url\":\"https:\/\/www.varson.ee\/\",\"name\":\"Varson T\u00f6\u00f6stustarvikud\",\"description\":\"T\u00f6\u00f6stustarvikud\",\"potentialAction\":[{\"@type\":\"SearchAction\",\"target\":{\"@type\":\"EntryPoint\",\"urlTemplate\":\"https:\/\/www.varson.ee\/?s={search_term_string}\"},\"query-input\":{\"@type\":\"PropertyValueSpecification\",\"valueRequired\":true,\"valueName\":\"search_term_string\"}}],\"inLanguage\":\"ru-RU\"}]}<\/script>\n<!-- \/ Yoast SEO plugin. -->","yoast_head_json":{"title":"\u0423\u043f\u043b\u043e\u0442\u043d\u0438\u0442\u0435\u043b\u0438 - Varson T\u00f6\u00f6stustarvikud","robots":{"index":"index","follow":"follow","max-snippet":"max-snippet:-1","max-image-preview":"max-image-preview:large","max-video-preview":"max-video-preview:-1"},"canonical":"https:\/\/varson.ee\/ru\/\u0443\u043f\u043b\u043e\u0442\u043d\u0438\u0442\u0435\u043b\u0438\/","og_locale":"ru_RU","og_type":"article","og_title":"\u0423\u043f\u043b\u043e\u0442\u043d\u0438\u0442\u0435\u043b\u0438 - Varson T\u00f6\u00f6stustarvikud","og_description":"[vc_row top_padding=&#187;50&#8243; bottom_padding=&#187;60&#8243;][vc_column width=&#187;1\/2&#8243;][vc_column_text] \u0423\u043f\u043b\u043e\u0442\u043d\u0438\u0442\u0435\u043b\u0438 \u0438\u043c\u0430\u043d\u0436\u0435\u0442\u043d\u044b\u0435 \u0443\u043f\u043b\u043e\u0442\u043d\u0438\u0442\u0435\u043b\u0438\u00a0(\u0441\u0430\u043b\u044c\u043d\u0438\u043a\u0438) [\/vc_column_text][\/vc_column][vc_column width=&#187;1\/2&#8243;][\/vc_column][\/vc_row][vc_row type=&#187;full_width_section&#187;][vc_column width=&#187;1\/1&#8243;][\/vc_column][\/vc_row]","og_url":"https:\/\/varson.ee\/ru\/\u0443\u043f\u043b\u043e\u0442\u043d\u0438\u0442\u0435\u043b\u0438\/","og_site_name":"Varson T\u00f6\u00f6stustarvikud","article_modified_time":"2018-11-07T11:00:04+00:00","twitter_card":"summary_large_image","schema":{"@context":"https:\/\/schema.org","@graph":[{"@type":"WebPage","@id":"https:\/\/varson.ee\/ru\/%d1%83%d0%bf%d0%bb%d0%be%d1%82%d0%bd%d0%b8%d1%82%d0%b5%d0%bb%d0%b8\/","url":"https:\/\/varson.ee\/ru\/%d1%83%d0%bf%d0%bb%d0%be%d1%82%d0%bd%d0%b8%d1%82%d0%b5%d0%bb%d0%b8\/","name":"\u0423\u043f\u043b\u043e\u0442\u043d\u0438\u0442\u0435\u043b\u0438 - Varson T\u00f6\u00f6stustarvikud","isPartOf":{"@id":"https:\/\/www.varson.ee\/#website"},"datePublished":"2018-11-07T09:48:49+00:00","dateModified":"2018-11-07T11:00:04+00:00","breadcrumb":{"@id":"https:\/\/varson.ee\/ru\/%d1%83%d0%bf%d0%bb%d0%be%d1%82%d0%bd%d0%b8%d1%82%d0%b5%d0%bb%d0%b8\/#breadcrumb"},"inLanguage":"ru-RU","potentialAction":[{"@type":"ReadAction","target":["https:\/\/varson.ee\/ru\/%d1%83%d0%bf%d0%bb%d0%be%d1%82%d0%bd%d0%b8%d1%82%d0%b5%d0%bb%d0%b8\/"]}]},{"@type":"BreadcrumbList","@id":"https:\/\/varson.ee\/ru\/%d1%83%d0%bf%d0%bb%d0%be%d1%82%d0%bd%d0%b8%d1%82%d0%b5%d0%bb%d0%b8\/#breadcrumb","itemListElement":[{"@type":"ListItem","position":1,"name":"Home","item":"https:\/\/www.varson.ee\/ru\/"},{"@type":"ListItem","position":2,"name":"\u0423\u043f\u043b\u043e\u0442\u043d\u0438\u0442\u0435\u043b\u0438"}]},{"@type":"WebSite","@id":"https:\/\/www.varson.ee\/#website","url":"https:\/\/www.varson.ee\/","name":"Varson T\u00f6\u00f6stustarvikud","description":"T\u00f6\u00f6stustarvikud","potentialAction":[{"@type":"SearchAction","target":{"@type":"EntryPoint","urlTemplate":"https:\/\/www.varson.ee\/?s={search_term_string}"},"query-input":{"@type":"PropertyValueSpecification","valueRequired":true,"valueName":"search_term_string"}}],"inLanguage":"ru-RU"}]}},"_links":{"self":[{"href":"https:\/\/varson.ee\/ru\/wp-json\/wp\/v2\/pages\/16177","targetHints":{"allow":["GET"]}}],"collection":[{"href":"https:\/\/varson.ee\/ru\/wp-json\/wp\/v2\/pages"}],"about":[{"href":"https:\/\/varson.ee\/ru\/wp-json\/wp\/v2\/types\/page"}],"author":[{"embeddable":true,"href":"https:\/\/varson.ee\/ru\/wp-json\/wp\/v2\/users\/1"}],"replies":[{"embeddable":true,"href":"https:\/\/varson.ee\/ru\/wp-json\/wp\/v2\/comments?post=16177"}],"version-history":[{"count":2,"href":"https:\/\/varson.ee\/ru\/wp-json\/wp\/v2\/pages\/16177\/revisions"}],"predecessor-version":[{"id":16227,"href":"https:\/\/varson.ee\/ru\/wp-json\/wp\/v2\/pages\/16177\/revisions\/16227"}],"wp:attachment":[{"href":"https:\/\/varson.ee\/ru\/wp-json\/wp\/v2\/media?parent=16177"}],"curies":[{"name":"wp","href":"https:\/\/api.w.org\/{rel}","templated":true}]}}